{"id":238,"date":"2020-04-13T15:37:30","date_gmt":"2020-04-13T13:37:30","guid":{"rendered":"http:\/\/aplicobcn.com\/?page_id=238"},"modified":"2021-11-22T20:16:09","modified_gmt":"2021-11-22T19:16:09","slug":"aplico-bc","status":"publish","type":"page","link":"https:\/\/aplicobcn.com\/","title":{"rendered":"Inicio"},"content":{"rendered":"\t\t<div data-elementor-type=\"wp-page\" data-elementor-id=\"238\" class=\"elementor elementor-238\" data-elementor-settings=\"[]\">\n\t\t\t\t\t\t<div class=\"elementor-inner\">\n\t\t\t\t\t\t\t<div class=\"elementor-section-wrap\">\n\t\t\t\t\t\t\t<section class=\"elementor-section elementor-top-section elementor-element elementor-element-443e617 elementor-hidden-desktop elementor-section-stretched elementor-hidden-tablet elementor-section-boxed elementor-section-height-default elementor-section-height-default\" data-id=\"443e617\" data-element_type=\"section\" data-settings=\"{&quot;stretch_section&quot;:&quot;section-stretched&quot;}\">\n\t\t\t\t\t\t<div class=\"elementor-container elementor-column-gap-no\">\n\t\t\t\t\t\t\t<div class=\"elementor-row\">\n\t\t\t\t\t<div class=\"elementor-column elementor-col-100 elementor-top-column elementor-element elementor-element-28dc9c0\" data-id=\"28dc9c0\" data-element_type=\"column\">\n\t\t\t<div class=\"elementor-column-wrap elementor-element-populated\">\n\t\t\t\t\t\t\t<div class=\"elementor-widget-wrap\">\n\t\t\t\t\t\t<div class=\"elementor-element elementor-element-dbd8c96 elementor-widget elementor-widget-image\" data-id=\"dbd8c96\" data-element_type=\"widget\" data-widget_type=\"image.default\">\n\t\t\t\t<div class=\"elementor-widget-container\">\n\t\t\t\t\t\t\t\t<div class=\"elementor-image\">\n\t\t\t\t\t\t\t\t\t\t\t\t<img width=\"828\" height=\"518\" src=\"https:\/\/aplicobcn.com\/wp-content\/uploads\/2020\/04\/MainImage-2.jpg\" class=\"attachment-large size-large\" alt=\"aplico bcn\" srcset=\"https:\/\/aplicobcn.com\/wp-content\/uploads\/2020\/04\/MainImage-2.jpg 828w, https:\/\/aplicobcn.com\/wp-content\/uploads\/2020\/04\/MainImage-2-300x188.jpg 300w, https:\/\/aplicobcn.com\/wp-content\/uploads\/2020\/04\/MainImage-2-768x480.jpg 768w\" sizes=\"(max-width: 828px) 100vw, 828px\" \/>\t\t\t\t\t\t\t\t\t\t\t\t\t\t<\/div>\n\t\t\t\t\t\t<\/div>\n\t\t\t\t<\/div>\n\t\t\t\t\t\t<\/div>\n\t\t\t\t\t<\/div>\n\t\t<\/div>\n\t\t\t\t\t\t\t\t<\/div>\n\t\t\t\t\t<\/div>\n\t\t<\/section>\n\t\t\t\t<section class=\"elementor-section elementor-top-section elementor-element elementor-element-f6a018f elementor-hidden-desktop elementor-section-stretched elementor-hidden-tablet elementor-section-boxed elementor-section-height-default elementor-section-height-default\" data-id=\"f6a018f\" data-element_type=\"section\" data-settings=\"{&quot;stretch_section&quot;:&quot;section-stretched&quot;}\">\n\t\t\t\t\t\t<div class=\"elementor-container elementor-column-gap-no\">\n\t\t\t\t\t\t\t<div class=\"elementor-row\">\n\t\t\t\t\t<div class=\"elementor-column elementor-col-100 elementor-top-column elementor-element elementor-element-1d59bdf\" data-id=\"1d59bdf\" data-element_type=\"column\">\n\t\t\t<div class=\"elementor-column-wrap elementor-element-populated\">\n\t\t\t\t\t\t\t<div class=\"elementor-widget-wrap\">\n\t\t\t\t\t\t<div class=\"elementor-element elementor-element-ba5682a elementor-widget elementor-widget-image\" data-id=\"ba5682a\" data-element_type=\"widget\" data-widget_type=\"image.default\">\n\t\t\t\t<div class=\"elementor-widget-container\">\n\t\t\t\t\t\t\t\t<div class=\"elementor-image\">\n\t\t\t\t\t\t\t\t\t\t\t\t\t<a href=\"https:\/\/aplicobcn.com\/index.php\/proyectos\">\n\t\t\t\t\t\t\t<img width=\"828\" height=\"460\" src=\"https:\/\/aplicobcn.com\/wp-content\/uploads\/2020\/04\/Portfolio-3.jpg\" class=\"attachment-1536x1536 size-1536x1536\" alt=\"\" srcset=\"https:\/\/aplicobcn.com\/wp-content\/uploads\/2020\/04\/Portfolio-3.jpg 828w, https:\/\/aplicobcn.com\/wp-content\/uploads\/2020\/04\/Portfolio-3-300x167.jpg 300w, https:\/\/aplicobcn.com\/wp-content\/uploads\/2020\/04\/Portfolio-3-768x427.jpg 768w\" sizes=\"(max-width: 828px) 100vw, 828px\" \/>\t\t\t\t\t\t\t\t<\/a>\n\t\t\t\t\t\t\t\t\t\t\t\t\t\t<\/div>\n\t\t\t\t\t\t<\/div>\n\t\t\t\t<\/div>\n\t\t\t\t\t\t<\/div>\n\t\t\t\t\t<\/div>\n\t\t<\/div>\n\t\t\t\t\t\t\t\t<\/div>\n\t\t\t\t\t<\/div>\n\t\t<\/section>\n\t\t\t\t<section class=\"elementor-section elementor-top-section elementor-element elementor-element-1934fef elementor-hidden-phone elementor-section-stretched elementor-section-boxed elementor-section-height-default elementor-section-height-default\" data-id=\"1934fef\" data-element_type=\"section\" data-settings=\"{&quot;stretch_section&quot;:&quot;section-stretched&quot;}\">\n\t\t\t\t\t\t<div class=\"elementor-container elementor-column-gap-no\">\n\t\t\t\t\t\t\t<div class=\"elementor-row\">\n\t\t\t\t\t<div class=\"elementor-column elementor-col-100 elementor-top-column elementor-element elementor-element-6403ed7\" data-id=\"6403ed7\" data-element_type=\"column\">\n\t\t\t<div class=\"elementor-column-wrap elementor-element-populated\">\n\t\t\t\t\t\t\t<div class=\"elementor-widget-wrap\">\n\t\t\t\t\t\t<div class=\"elementor-element elementor-element-a0adba8 elementor-widget elementor-widget-image\" data-id=\"a0adba8\" data-element_type=\"widget\" data-widget_type=\"image.default\">\n\t\t\t\t<div class=\"elementor-widget-container\">\n\t\t\t\t\t\t\t\t<div class=\"elementor-image\">\n\t\t\t\t\t\t\t\t\t\t\t\t<img width=\"1024\" height=\"641\" src=\"https:\/\/aplicobcn.com\/wp-content\/uploads\/2020\/04\/MainImage-1024x641.jpg\" class=\"attachment-large size-large\" alt=\"\" srcset=\"https:\/\/aplicobcn.com\/wp-content\/uploads\/2020\/04\/MainImage-1024x641.jpg 1024w, https:\/\/aplicobcn.com\/wp-content\/uploads\/2020\/04\/MainImage-300x188.jpg 300w, https:\/\/aplicobcn.com\/wp-content\/uploads\/2020\/04\/MainImage-768x480.jpg 768w, https:\/\/aplicobcn.com\/wp-content\/uploads\/2020\/04\/MainImage-1536x961.jpg 1536w, https:\/\/aplicobcn.com\/wp-content\/uploads\/2020\/04\/MainImage-2048x1281.jpg 2048w\" sizes=\"(max-width: 1024px) 100vw, 1024px\" \/>\t\t\t\t\t\t\t\t\t\t\t\t\t\t<\/div>\n\t\t\t\t\t\t<\/div>\n\t\t\t\t<\/div>\n\t\t\t\t\t\t<\/div>\n\t\t\t\t\t<\/div>\n\t\t<\/div>\n\t\t\t\t\t\t\t\t<\/div>\n\t\t\t\t\t<\/div>\n\t\t<\/section>\n\t\t\t\t<section class=\"elementor-section elementor-top-section elementor-element elementor-element-2378d27 elementor-section-stretched elementor-hidden-phone elementor-section-boxed elementor-section-height-default elementor-section-height-default\" data-id=\"2378d27\" data-element_type=\"section\" data-settings=\"{&quot;stretch_section&quot;:&quot;section-stretched&quot;}\">\n\t\t\t\t\t\t<div class=\"elementor-container elementor-column-gap-no\">\n\t\t\t\t\t\t\t<div class=\"elementor-row\">\n\t\t\t\t\t<div class=\"elementor-column elementor-col-100 elementor-top-column elementor-element elementor-element-e43d9c5\" data-id=\"e43d9c5\" data-element_type=\"column\">\n\t\t\t<div class=\"elementor-column-wrap elementor-element-populated\">\n\t\t\t\t\t\t\t<div class=\"elementor-widget-wrap\">\n\t\t\t\t\t\t<div class=\"elementor-element elementor-element-96a27ca elementor-widget elementor-widget-image\" data-id=\"96a27ca\" data-element_type=\"widget\" data-widget_type=\"image.default\">\n\t\t\t\t<div class=\"elementor-widget-container\">\n\t\t\t\t\t\t\t\t<div class=\"elementor-image\">\n\t\t\t\t\t\t\t\t\t\t\t\t\t<a href=\"https:\/\/aplicobcn.com\/index.php\/proyectos\/\" https=\"\">\n\t\t\t\t\t\t\t<img width=\"1536\" height=\"832\" src=\"https:\/\/aplicobcn.com\/wp-content\/uploads\/2020\/04\/Portfolio-2-1536x832.jpg\" class=\"attachment-1536x1536 size-1536x1536\" alt=\"\" srcset=\"https:\/\/aplicobcn.com\/wp-content\/uploads\/2020\/04\/Portfolio-2-1536x832.jpg 1536w, https:\/\/aplicobcn.com\/wp-content\/uploads\/2020\/04\/Portfolio-2-300x162.jpg 300w, https:\/\/aplicobcn.com\/wp-content\/uploads\/2020\/04\/Portfolio-2-1024x555.jpg 1024w, https:\/\/aplicobcn.com\/wp-content\/uploads\/2020\/04\/Portfolio-2-768x416.jpg 768w, https:\/\/aplicobcn.com\/wp-content\/uploads\/2020\/04\/Portfolio-2-2048x1109.jpg 2048w\" sizes=\"(max-width: 1536px) 100vw, 1536px\" \/>\t\t\t\t\t\t\t\t<\/a>\n\t\t\t\t\t\t\t\t\t\t\t\t\t\t<\/div>\n\t\t\t\t\t\t<\/div>\n\t\t\t\t<\/div>\n\t\t\t\t\t\t<\/div>\n\t\t\t\t\t<\/div>\n\t\t<\/div>\n\t\t\t\t\t\t\t\t<\/div>\n\t\t\t\t\t<\/div>\n\t\t<\/section>\n\t\t\t\t<section class=\"elementor-section elementor-top-section elementor-element elementor-element-af1565a elementor-section-stretched elementor-hidden-desktop elementor-hidden-tablet elementor-section-boxed elementor-section-height-default elementor-section-height-default\" data-id=\"af1565a\" data-element_type=\"section\" data-settings=\"{&quot;stretch_section&quot;:&quot;section-stretched&quot;}\">\n\t\t\t\t\t\t<div class=\"elementor-container elementor-column-gap-no\">\n\t\t\t\t\t\t\t<div class=\"elementor-row\">\n\t\t\t\t\t<div class=\"elementor-column elementor-col-50 elementor-top-column elementor-element elementor-element-e9c4904\" data-id=\"e9c4904\" data-element_type=\"column\">\n\t\t\t<div class=\"elementor-column-wrap elementor-element-populated\">\n\t\t\t\t\t\t\t<div class=\"elementor-widget-wrap\">\n\t\t\t\t\t\t<div class=\"elementor-element elementor-element-2cb3843 elementor-widget elementor-widget-image\" data-id=\"2cb3843\" data-element_type=\"widget\" data-widget_type=\"image.default\">\n\t\t\t\t<div class=\"elementor-widget-container\">\n\t\t\t\t\t\t\t\t<div class=\"elementor-image\">\n\t\t\t\t\t\t\t\t\t\t\t\t\t<a href=\"https:\/\/aplicobcn.com\/index.php\/catalogo-tecnico\/\">\n\t\t\t\t\t\t\t<img width=\"414\" height=\"456\" src=\"https:\/\/aplicobcn.com\/wp-content\/uploads\/2020\/04\/Te\u0301cnico-2.jpg\" class=\"attachment-large size-large\" alt=\"\" srcset=\"https:\/\/aplicobcn.com\/wp-content\/uploads\/2020\/04\/Te\u0301cnico-2.jpg 414w, https:\/\/aplicobcn.com\/wp-content\/uploads\/2020\/04\/Te\u0301cnico-2-272x300.jpg 272w\" sizes=\"(max-width: 414px) 100vw, 414px\" \/>\t\t\t\t\t\t\t\t<\/a>\n\t\t\t\t\t\t\t\t\t\t\t\t\t\t<\/div>\n\t\t\t\t\t\t<\/div>\n\t\t\t\t<\/div>\n\t\t\t\t\t\t<\/div>\n\t\t\t\t\t<\/div>\n\t\t<\/div>\n\t\t\t\t<div class=\"elementor-column elementor-col-50 elementor-top-column elementor-element elementor-element-50e4f96\" data-id=\"50e4f96\" data-element_type=\"column\">\n\t\t\t<div class=\"elementor-column-wrap elementor-element-populated\">\n\t\t\t\t\t\t\t<div class=\"elementor-widget-wrap\">\n\t\t\t\t\t\t<div class=\"elementor-element elementor-element-6477516 elementor-hidden-desktop elementor-hidden-tablet elementor-widget elementor-widget-image\" data-id=\"6477516\" data-element_type=\"widget\" data-widget_type=\"image.default\">\n\t\t\t\t<div class=\"elementor-widget-container\">\n\t\t\t\t\t\t\t\t<div class=\"elementor-image\">\n\t\t\t\t\t\t\t\t\t\t\t\t\t<a href=\"https:\/\/aplicobcn.com\/index.php\/catalogo-decorativo\/\">\n\t\t\t\t\t\t\t<img width=\"414\" height=\"456\" src=\"https:\/\/aplicobcn.com\/wp-content\/uploads\/2020\/04\/Te\u0301cnico-1-1.jpg\" class=\"attachment-large size-large\" alt=\"\" srcset=\"https:\/\/aplicobcn.com\/wp-content\/uploads\/2020\/04\/Te\u0301cnico-1-1.jpg 414w, https:\/\/aplicobcn.com\/wp-content\/uploads\/2020\/04\/Te\u0301cnico-1-1-272x300.jpg 272w\" sizes=\"(max-width: 414px) 100vw, 414px\" \/>\t\t\t\t\t\t\t\t<\/a>\n\t\t\t\t\t\t\t\t\t\t\t\t\t\t<\/div>\n\t\t\t\t\t\t<\/div>\n\t\t\t\t<\/div>\n\t\t\t\t\t\t<\/div>\n\t\t\t\t\t<\/div>\n\t\t<\/div>\n\t\t\t\t\t\t\t\t<\/div>\n\t\t\t\t\t<\/div>\n\t\t<\/section>\n\t\t\t\t<section class=\"elementor-section elementor-top-section elementor-element elementor-element-90c9c8a elementor-section-stretched elementor-hidden-tablet elementor-hidden-phone elementor-section-boxed elementor-section-height-default elementor-section-height-default\" data-id=\"90c9c8a\" data-element_type=\"section\" data-settings=\"{&quot;stretch_section&quot;:&quot;section-stretched&quot;}\">\n\t\t\t\t\t\t<div class=\"elementor-container elementor-column-gap-no\">\n\t\t\t\t\t\t\t<div class=\"elementor-row\">\n\t\t\t\t\t<div class=\"elementor-column elementor-col-50 elementor-top-column elementor-element elementor-element-739a91d\" data-id=\"739a91d\" data-element_type=\"column\">\n\t\t\t<div class=\"elementor-column-wrap elementor-element-populated\">\n\t\t\t\t\t\t\t<div class=\"elementor-widget-wrap\">\n\t\t\t\t\t\t<div class=\"elementor-element elementor-element-cced781 elementor-widget elementor-widget-image\" data-id=\"cced781\" data-element_type=\"widget\" data-widget_type=\"image.default\">\n\t\t\t\t<div class=\"elementor-widget-container\">\n\t\t\t\t\t\t\t\t<div class=\"elementor-image\">\n\t\t\t\t\t\t\t\t\t\t\t\t\t<a href=\"https:\/\/aplicobcn.com\/index.php\/catalogo-tecnico\/\">\n\t\t\t\t\t\t\t<img width=\"892\" height=\"1024\" src=\"https:\/\/aplicobcn.com\/wp-content\/uploads\/2020\/04\/Te\u0301cnico-892x1024.jpg\" class=\"attachment-large size-large\" alt=\"\" srcset=\"https:\/\/aplicobcn.com\/wp-content\/uploads\/2020\/04\/Te\u0301cnico-892x1024.jpg 892w, https:\/\/aplicobcn.com\/wp-content\/uploads\/2020\/04\/Te\u0301cnico-261x300.jpg 261w, https:\/\/aplicobcn.com\/wp-content\/uploads\/2020\/04\/Te\u0301cnico-768x882.jpg 768w, https:\/\/aplicobcn.com\/wp-content\/uploads\/2020\/04\/Te\u0301cnico-1337x1536.jpg 1337w, https:\/\/aplicobcn.com\/wp-content\/uploads\/2020\/04\/Te\u0301cnico.jpg 1590w\" sizes=\"(max-width: 892px) 100vw, 892px\" \/>\t\t\t\t\t\t\t\t<\/a>\n\t\t\t\t\t\t\t\t\t\t\t\t\t\t<\/div>\n\t\t\t\t\t\t<\/div>\n\t\t\t\t<\/div>\n\t\t\t\t\t\t<\/div>\n\t\t\t\t\t<\/div>\n\t\t<\/div>\n\t\t\t\t<div class=\"elementor-column elementor-col-50 elementor-top-column elementor-element elementor-element-a0f47e8\" data-id=\"a0f47e8\" data-element_type=\"column\">\n\t\t\t<div class=\"elementor-column-wrap elementor-element-populated\">\n\t\t\t\t\t\t\t<div class=\"elementor-widget-wrap\">\n\t\t\t\t\t\t<div class=\"elementor-element elementor-element-05944b7 elementor-widget elementor-widget-image\" data-id=\"05944b7\" data-element_type=\"widget\" data-widget_type=\"image.default\">\n\t\t\t\t<div class=\"elementor-widget-container\">\n\t\t\t\t\t\t\t\t<div class=\"elementor-image\">\n\t\t\t\t\t\t\t\t\t\t\t\t\t<a href=\"https:\/\/aplicobcn.com\/index.php\/catalogo-decorativo\/\">\n\t\t\t\t\t\t\t<img width=\"891\" height=\"1024\" src=\"https:\/\/aplicobcn.com\/wp-content\/uploads\/2020\/04\/Decorativo-891x1024.jpg\" class=\"attachment-large size-large\" alt=\"\" srcset=\"https:\/\/aplicobcn.com\/wp-content\/uploads\/2020\/04\/Decorativo-891x1024.jpg 891w, https:\/\/aplicobcn.com\/wp-content\/uploads\/2020\/04\/Decorativo-261x300.jpg 261w, https:\/\/aplicobcn.com\/wp-content\/uploads\/2020\/04\/Decorativo-768x883.jpg 768w, https:\/\/aplicobcn.com\/wp-content\/uploads\/2020\/04\/Decorativo-1336x1536.jpg 1336w, https:\/\/aplicobcn.com\/wp-content\/uploads\/2020\/04\/Decorativo.jpg 1588w\" sizes=\"(max-width: 891px) 100vw, 891px\" \/>\t\t\t\t\t\t\t\t<\/a>\n\t\t\t\t\t\t\t\t\t\t\t\t\t\t<\/div>\n\t\t\t\t\t\t<\/div>\n\t\t\t\t<\/div>\n\t\t\t\t\t\t<\/div>\n\t\t\t\t\t<\/div>\n\t\t<\/div>\n\t\t\t\t\t\t\t\t<\/div>\n\t\t\t\t\t<\/div>\n\t\t<\/section>\n\t\t\t\t<section class=\"elementor-section elementor-top-section elementor-element elementor-element-7b31e36 elementor-section-stretched elementor-hidden-phone elementor-section-boxed elementor-section-height-default elementor-section-height-default\" data-id=\"7b31e36\" data-element_type=\"section\" data-settings=\"{&quot;stretch_section&quot;:&quot;section-stretched&quot;}\">\n\t\t\t\t\t\t<div class=\"elementor-container elementor-column-gap-no\">\n\t\t\t\t\t\t\t<div class=\"elementor-row\">\n\t\t\t\t\t<div class=\"elementor-column elementor-col-100 elementor-top-column elementor-element elementor-element-cd4f322\" data-id=\"cd4f322\" data-element_type=\"column\">\n\t\t\t<div class=\"elementor-column-wrap elementor-element-populated\">\n\t\t\t\t\t\t\t<div class=\"elementor-widget-wrap\">\n\t\t\t\t\t\t<div class=\"elementor-element elementor-element-adaaae3 elementor-widget elementor-widget-image\" data-id=\"adaaae3\" data-element_type=\"widget\" data-widget_type=\"image.default\">\n\t\t\t\t<div class=\"elementor-widget-container\">\n\t\t\t\t\t\t\t\t<div class=\"elementor-image\">\n\t\t\t\t\t\t\t\t\t\t\t\t<img width=\"1024\" height=\"612\" src=\"https:\/\/aplicobcn.com\/wp-content\/uploads\/2020\/05\/Contacto-1-1024x612.jpg\" class=\"attachment-large size-large\" alt=\"Contacto aplico bcn,info aplico bcn\" srcset=\"https:\/\/aplicobcn.com\/wp-content\/uploads\/2020\/05\/Contacto-1-1024x612.jpg 1024w, https:\/\/aplicobcn.com\/wp-content\/uploads\/2020\/05\/Contacto-1-300x179.jpg 300w, https:\/\/aplicobcn.com\/wp-content\/uploads\/2020\/05\/Contacto-1-768x459.jpg 768w, https:\/\/aplicobcn.com\/wp-content\/uploads\/2020\/05\/Contacto-1-1536x918.jpg 1536w, https:\/\/aplicobcn.com\/wp-content\/uploads\/2020\/05\/Contacto-1.jpg 1589w\" sizes=\"(max-width: 1024px) 100vw, 1024px\" \/>\t\t\t\t\t\t\t\t\t\t\t\t\t\t<\/div>\n\t\t\t\t\t\t<\/div>\n\t\t\t\t<\/div>\n\t\t\t\t\t\t<\/div>\n\t\t\t\t\t<\/div>\n\t\t<\/div>\n\t\t\t\t\t\t\t\t<\/div>\n\t\t\t\t\t<\/div>\n\t\t<\/section>\n\t\t\t\t<section class=\"elementor-section elementor-top-section elementor-element elementor-element-0cbfc80 elementor-section-stretched elementor-hidden-desktop elementor-hidden-tablet elementor-section-boxed elementor-section-height-default elementor-section-height-default\" data-id=\"0cbfc80\" data-element_type=\"section\" data-settings=\"{&quot;stretch_section&quot;:&quot;section-stretched&quot;}\">\n\t\t\t\t\t\t<div class=\"elementor-container elementor-column-gap-no\">\n\t\t\t\t\t\t\t<div class=\"elementor-row\">\n\t\t\t\t\t<div class=\"elementor-column elementor-col-100 elementor-top-column elementor-element elementor-element-0a236e7\" data-id=\"0a236e7\" data-element_type=\"column\">\n\t\t\t<div class=\"elementor-column-wrap elementor-element-populated\">\n\t\t\t\t\t\t\t<div class=\"elementor-widget-wrap\">\n\t\t\t\t\t\t<div class=\"elementor-element elementor-element-4220ac8 elementor-widget elementor-widget-image\" data-id=\"4220ac8\" data-element_type=\"widget\" data-widget_type=\"image.default\">\n\t\t\t\t<div class=\"elementor-widget-container\">\n\t\t\t\t\t\t\t\t<div class=\"elementor-image\">\n\t\t\t\t\t\t\t\t\t\t\t\t<img width=\"828\" height=\"530\" src=\"https:\/\/aplicobcn.com\/wp-content\/uploads\/2020\/05\/ContactMobile-1.jpg\" class=\"attachment-large size-large\" alt=\"Contacto aplico bcn,info aplico bcn\" srcset=\"https:\/\/aplicobcn.com\/wp-content\/uploads\/2020\/05\/ContactMobile-1.jpg 828w, https:\/\/aplicobcn.com\/wp-content\/uploads\/2020\/05\/ContactMobile-1-300x192.jpg 300w, https:\/\/aplicobcn.com\/wp-content\/uploads\/2020\/05\/ContactMobile-1-768x492.jpg 768w\" sizes=\"(max-width: 828px) 100vw, 828px\" \/>\t\t\t\t\t\t\t\t\t\t\t\t\t\t<\/div>\n\t\t\t\t\t\t<\/div>\n\t\t\t\t<\/div>\n\t\t\t\t\t\t<\/div>\n\t\t\t\t\t<\/div>\n\t\t<\/div>\n\t\t\t\t\t\t\t\t<\/div>\n\t\t\t\t\t<\/div>\n\t\t<\/section>\n\t\t\t\t<section class=\"elementor-section elementor-top-section elementor-element elementor-element-d416e80 elementor-section-boxed elementor-section-height-default elementor-section-height-default\" data-id=\"d416e80\" data-element_type=\"section\">\n\t\t\t\t\t\t<div class=\"elementor-container elementor-column-gap-default\">\n\t\t\t\t\t\t\t<div class=\"elementor-row\">\n\t\t\t\t\t<div class=\"elementor-column elementor-col-100 elementor-top-column elementor-element elementor-element-1fc299c\" data-id=\"1fc299c\" data-element_type=\"column\">\n\t\t\t<div class=\"elementor-column-wrap elementor-element-populated\">\n\t\t\t\t\t\t\t<div class=\"elementor-widget-wrap\">\n\t\t\t\t\t\t<div class=\"elementor-element elementor-element-350aa9f elementor-widget elementor-widget-heading\" data-id=\"350aa9f\" data-element_type=\"widget\" data-widget_type=\"heading.default\">\n\t\t\t\t<div class=\"elementor-widget-container\">\n\t\t\t<h2 class=\"elementor-heading-title elementor-size-default\">Aplico BCN<\/h2>\t\t<\/div>\n\t\t\t\t<\/div>\n\t\t\t\t\t\t<\/div>\n\t\t\t\t\t<\/div>\n\t\t<\/div>\n\t\t\t\t\t\t\t\t<\/div>\n\t\t\t\t\t<\/div>\n\t\t<\/section>\n\t\t\t\t\t\t<\/div>\n\t\t\t\t\t\t<\/div>\n\t\t\t\t\t<\/div>\n\t\t","protected":false},"excerpt":{"rendered":"<p>Aplico BCN<\/p>\n","protected":false},"author":1,"featured_media":0,"parent":0,"menu_order":0,"comment_status":"closed","ping_status":"closed","template":"","meta":[],"yoast_head":"<!-- This site is optimized with the Yoast SEO plugin v17.9 - https:\/\/yoast.com\/wordpress\/plugins\/seo\/ -->\n<title>Aplico BCN - Iluminaci\u00f3n<\/title>\n<meta name=\"description\" content=\"Aplico BCN, m\u00e1s de 30 a\u00f1os de experiencia en iluminaci\u00f3n.\" \/>\n<meta name=\"robots\" content=\"index, follow, max-snippet:-1, max-image-preview:large, max-video-preview:-1\" \/>\n<link rel=\"canonical\" href=\"https:\/\/aplicobcn.com\/\" \/>\n<meta property=\"og:locale\" content=\"es_ES\" \/>\n<meta property=\"og:type\" content=\"article\" \/>\n<meta property=\"og:title\" content=\"Aplico BCN - Iluminaci\u00f3n\" \/>\n<meta property=\"og:description\" content=\"Aplico BCN, m\u00e1s de 30 a\u00f1os de experiencia en iluminaci\u00f3n.\" \/>\n<meta property=\"og:url\" content=\"https:\/\/aplicobcn.com\/\" \/>\n<meta property=\"og:site_name\" content=\"Aplico\" \/>\n<meta property=\"article:publisher\" content=\"https:\/\/www.facebook.com\/AplicoBcn\/\" \/>\n<meta property=\"article:modified_time\" content=\"2021-11-22T19:16:09+00:00\" \/>\n<meta property=\"og:image\" content=\"http:\/\/aplicobcn.com\/wp-content\/uploads\/2020\/04\/MainImage-2.jpg\" \/>\n<meta name=\"twitter:card\" content=\"summary_large_image\" \/>\n<script type=\"application\/ld+json\" class=\"yoast-schema-graph\">{\"@context\":\"https:\/\/schema.org\",\"@graph\":[{\"@type\":\"WebSite\",\"@id\":\"https:\/\/aplicobcn.com\/#website\",\"url\":\"https:\/\/aplicobcn.com\/\",\"name\":\"AplicoBCN\",\"description\":\"\",\"potentialAction\":[{\"@type\":\"SearchAction\",\"target\":{\"@type\":\"EntryPoint\",\"urlTemplate\":\"https:\/\/aplicobcn.com\/?s={search_term_string}\"},\"query-input\":\"required name=search_term_string\"}],\"inLanguage\":\"es\"},{\"@type\":\"ImageObject\",\"@id\":\"https:\/\/aplicobcn.com\/#primaryimage\",\"inLanguage\":\"es\",\"url\":\"http:\/\/aplicobcn.com\/wp-content\/uploads\/2020\/04\/MainImage-2.jpg\",\"contentUrl\":\"http:\/\/aplicobcn.com\/wp-content\/uploads\/2020\/04\/MainImage-2.jpg\"},{\"@type\":\"WebPage\",\"@id\":\"https:\/\/aplicobcn.com\/#webpage\",\"url\":\"https:\/\/aplicobcn.com\/\",\"name\":\"Aplico BCN - Iluminaci\\u00f3n\",\"isPartOf\":{\"@id\":\"https:\/\/aplicobcn.com\/#website\"},\"primaryImageOfPage\":{\"@id\":\"https:\/\/aplicobcn.com\/#primaryimage\"},\"datePublished\":\"2020-04-13T13:37:30+00:00\",\"dateModified\":\"2021-11-22T19:16:09+00:00\",\"description\":\"Aplico BCN, m\\u00e1s de 30 a\\u00f1os de experiencia en iluminaci\\u00f3n.\",\"breadcrumb\":{\"@id\":\"https:\/\/aplicobcn.com\/#breadcrumb\"},\"inLanguage\":\"es\",\"potentialAction\":[{\"@type\":\"ReadAction\",\"target\":[\"https:\/\/aplicobcn.com\/\"]}]},{\"@type\":\"BreadcrumbList\",\"@id\":\"https:\/\/aplicobcn.com\/#breadcrumb\",\"itemListElement\":[{\"@type\":\"ListItem\",\"position\":1,\"name\":\"Home\",\"item\":\"https:\/\/aplicobcn.com\/\"},{\"@type\":\"ListItem\",\"position\":2,\"name\":\"Inicio\"}]}]}<\/script>\n<!-- \/ Yoast SEO plugin. -->","yoast_head_json":{"title":"Aplico BCN - Iluminaci\u00f3n","description":"Aplico BCN, m\u00e1s de 30 a\u00f1os de experiencia en iluminaci\u00f3n.","robots":{"index":"index","follow":"follow","max-snippet":"max-snippet:-1","max-image-preview":"max-image-preview:large","max-video-preview":"max-video-preview:-1"},"canonical":"https:\/\/aplicobcn.com\/","og_locale":"es_ES","og_type":"article","og_title":"Aplico BCN - Iluminaci\u00f3n","og_description":"Aplico BCN, m\u00e1s de 30 a\u00f1os de experiencia en iluminaci\u00f3n.","og_url":"https:\/\/aplicobcn.com\/","og_site_name":"Aplico","article_publisher":"https:\/\/www.facebook.com\/AplicoBcn\/","article_modified_time":"2021-11-22T19:16:09+00:00","og_image":[{"url":"http:\/\/aplicobcn.com\/wp-content\/uploads\/2020\/04\/MainImage-2.jpg"}],"twitter_card":"summary_large_image","schema":{"@context":"https:\/\/schema.org","@graph":[{"@type":"WebSite","@id":"https:\/\/aplicobcn.com\/#website","url":"https:\/\/aplicobcn.com\/","name":"AplicoBCN","description":"","potentialAction":[{"@type":"SearchAction","target":{"@type":"EntryPoint","urlTemplate":"https:\/\/aplicobcn.com\/?s={search_term_string}"},"query-input":"required name=search_term_string"}],"inLanguage":"es"},{"@type":"ImageObject","@id":"https:\/\/aplicobcn.com\/#primaryimage","inLanguage":"es","url":"http:\/\/aplicobcn.com\/wp-content\/uploads\/2020\/04\/MainImage-2.jpg","contentUrl":"http:\/\/aplicobcn.com\/wp-content\/uploads\/2020\/04\/MainImage-2.jpg"},{"@type":"WebPage","@id":"https:\/\/aplicobcn.com\/#webpage","url":"https:\/\/aplicobcn.com\/","name":"Aplico BCN - Iluminaci\u00f3n","isPartOf":{"@id":"https:\/\/aplicobcn.com\/#website"},"primaryImageOfPage":{"@id":"https:\/\/aplicobcn.com\/#primaryimage"},"datePublished":"2020-04-13T13:37:30+00:00","dateModified":"2021-11-22T19:16:09+00:00","description":"Aplico BCN, m\u00e1s de 30 a\u00f1os de experiencia en iluminaci\u00f3n.","breadcrumb":{"@id":"https:\/\/aplicobcn.com\/#breadcrumb"},"inLanguage":"es","potentialAction":[{"@type":"ReadAction","target":["https:\/\/aplicobcn.com\/"]}]},{"@type":"BreadcrumbList","@id":"https:\/\/aplicobcn.com\/#breadcrumb","itemListElement":[{"@type":"ListItem","position":1,"name":"Home","item":"https:\/\/aplicobcn.com\/"},{"@type":"ListItem","position":2,"name":"Inicio"}]}]}},"_links":{"self":[{"href":"https:\/\/aplicobcn.com\/index.php\/wp-json\/wp\/v2\/pages\/238"}],"collection":[{"href":"https:\/\/aplicobcn.com\/index.php\/wp-json\/wp\/v2\/pages"}],"about":[{"href":"https:\/\/aplicobcn.com\/index.php\/wp-json\/wp\/v2\/types\/page"}],"author":[{"embeddable":true,"href":"https:\/\/aplicobcn.com\/index.php\/wp-json\/wp\/v2\/users\/1"}],"replies":[{"embeddable":true,"href":"https:\/\/aplicobcn.com\/index.php\/wp-json\/wp\/v2\/comments?post=238"}],"version-history":[{"count":28,"href":"https:\/\/aplicobcn.com\/index.php\/wp-json\/wp\/v2\/pages\/238\/revisions"}],"predecessor-version":[{"id":882,"href":"https:\/\/aplicobcn.com\/index.php\/wp-json\/wp\/v2\/pages\/238\/revisions\/882"}],"wp:attachment":[{"href":"https:\/\/aplicobcn.com\/index.php\/wp-json\/wp\/v2\/media?parent=238"}],"curies":[{"name":"wp","href":"https:\/\/api.w.org\/{rel}","templated":true}]}}